{"id":895,"date":"2021-01-26T15:19:03","date_gmt":"2021-01-26T14:19:03","guid":{"rendered":"https:\/\/www.gurkenprinz.at\/impressum\/"},"modified":"2022-06-30T12:17:00","modified_gmt":"2022-06-30T10:17:00","slug":"imprint","status":"publish","type":"page","link":"https:\/\/www.gurkenprinz.at\/en\/imprint\/","title":{"rendered":"Imprint"},"content":{"rendered":"<p>Medieninhaber und Herausgeber:<br \/>\nS\u00fcdobst Obst- und Gem\u00fcseveredelungs GmbH<br \/>\nWiener Stra\u00dfe 18<br \/>\nA-7551 Stegersbach<\/p>\n<p>T: +43 3326 523 55<br \/>\nE: office(at)gurkenprinz.at<br \/>\nwww.gurkenprinz.at<\/p>\n<p>Gem\u00fcseveredelungs GmbH<br \/>\nUID: ATU 39001502<br \/>\nFN 135195t<br \/>\nFirmenbuchgericht: G\u00fcssing<\/p>\n<p>Design &amp; Text: <a href=\"https:\/\/www.studiosteinwender.at\/\" target=\"_blank\" rel=\"noopener\">studiosteinwender gmbh<\/a><br \/>\nProgrammierung: <a href=\"https:\/\/www.typo-wimmer.at\/\" target=\"_blank\" rel=\"noopener\">typo-wimmer medienproduktion<\/a><\/p>\n<p>Copyright<br \/>\nAlle Daten dieser Website sind urheberrechtlich gesch\u00fctzt. Jede Bearbeitung, Vervielf\u00e4ltigung, Verbreitung und\/oder \u00f6ffentliche Wiedergabe, unabh\u00e4ngig vom verwendeten Medium stellt einen Urheberrechtsversto\u00df dar.<\/p>\n<p>Haftungsausschluss<br \/>\nS\u00e4mtliche Inhalte wurden sorgf\u00e4ltig gepr\u00fcft. Dessen ungeachtet kann keine Haftung f\u00fcr Richtigkeit, Vollst\u00e4ndigkeit und Aktualit\u00e4t der Angaben sowie die Inhalte externer Links \u00fcbernommen werden. F\u00fcr den Inhalt der verlinkten Seiten sind ausschlie\u00dflich deren Betreiber verantwortlich.<\/p>\n","protected":false},"excerpt":{"rendered":"<p>Medieninhaber und Herausgeber: S\u00fcdobst Obst- und Gem\u00fcseveredelungs GmbH Wiener Stra\u00dfe 18 A-7551 Stegersbach T: +43 3326 523 55 E: office(at)gurkenprinz.at www.gurkenprinz.at Gem\u00fcseveredelungs GmbH UID: ATU 39001502 FN 135195t Firmenbuchgericht: G\u00fcssing Design &amp; Text: studiosteinwender gmbh Programmierung: typo-wimmer medienproduktion Copyright Alle Daten dieser Website sind urheberrechtlich gesch\u00fctzt. Jede Bearbeitung, Vervielf\u00e4ltigung, Verbreitung und\/oder \u00f6ffentliche Wiedergabe, unabh\u00e4ngig vom [&hellip;]<\/p>\n","protected":false},"author":1,"featured_media":0,"parent":0,"menu_order":1000,"comment_status":"closed","ping_status":"closed","template":"","meta":{"_acf_changed":false,"footnotes":""},"class_list":["post-895","page","type-page","status-publish","hentry"],"acf":[],"_links":{"self":[{"href":"https:\/\/www.gurkenprinz.at\/en\/wp-json\/wp\/v2\/pages\/895","targetHints":{"allow":["GET"]}}],"collection":[{"href":"https:\/\/www.gurkenprinz.at\/en\/wp-json\/wp\/v2\/pages"}],"about":[{"href":"https:\/\/www.gurkenprinz.at\/en\/wp-json\/wp\/v2\/types\/page"}],"author":[{"embeddable":true,"href":"https:\/\/www.gurkenprinz.at\/en\/wp-json\/wp\/v2\/users\/1"}],"replies":[{"embeddable":true,"href":"https:\/\/www.gurkenprinz.at\/en\/wp-json\/wp\/v2\/comments?post=895"}],"version-history":[{"count":2,"href":"https:\/\/www.gurkenprinz.at\/en\/wp-json\/wp\/v2\/pages\/895\/revisions"}],"predecessor-version":[{"id":938,"href":"https:\/\/www.gurkenprinz.at\/en\/wp-json\/wp\/v2\/pages\/895\/revisions\/938"}],"wp:attachment":[{"href":"https:\/\/www.gurkenprinz.at\/en\/wp-json\/wp\/v2\/media?parent=895"}],"curies":[{"name":"wp","href":"https:\/\/api.w.org\/{rel}","templated":true}]}}